{"id":21,"date":"2025-09-15T12:48:49","date_gmt":"2025-09-15T12:48:49","guid":{"rendered":"http:\/\/saintennemond.com\/?page_id=21"},"modified":"2025-10-07T11:10:30","modified_gmt":"2025-10-07T11:10:30","slug":"creez-votre-site-avec-des-blocs","status":"publish","type":"page","link":"https:\/\/saintennemond.com\/","title":{"rendered":"Cr\u00e9ez votre site avec des blocs"},"content":{"rendered":"\n<div class=\"wp-block-columns alignwide are-vertically-aligned-center is-style-default is-layout-flex wp-container-core-columns-is-layout-9d6595d7 wp-block-columns-is-layout-flex\">\n<div class=\"wp-block-column is-vertically-aligned-center is-layout-flow wp-block-column-is-layout-flow\" style=\"flex-basis:50%\">\n<figure class=\"wp-block-image alignfull size-large\"><img fetchpriority=\"high\" decoding=\"async\" width=\"768\" height=\"1024\" src=\"https:\/\/saintennemond.com\/wp-content\/uploads\/2025\/09\/IMG_7040-768x1024.jpeg\" alt=\"\" class=\"wp-image-38\" srcset=\"https:\/\/saintennemond.com\/wp-content\/uploads\/2025\/09\/IMG_7040-768x1024.jpeg 768w, https:\/\/saintennemond.com\/wp-content\/uploads\/2025\/09\/IMG_7040-scaled-600x800.jpeg 600w, https:\/\/saintennemond.com\/wp-content\/uploads\/2025\/09\/IMG_7040-225x300.jpeg 225w, https:\/\/saintennemond.com\/wp-content\/uploads\/2025\/09\/IMG_7040-1152x1536.jpeg 1152w, https:\/\/saintennemond.com\/wp-content\/uploads\/2025\/09\/IMG_7040-1536x2048.jpeg 1536w, https:\/\/saintennemond.com\/wp-content\/uploads\/2025\/09\/IMG_7040-1568x2091.jpeg 1568w, https:\/\/saintennemond.com\/wp-content\/uploads\/2025\/09\/IMG_7040-scaled.jpeg 1920w\" sizes=\"(max-width: 768px) 100vw, 768px\" \/><\/figure>\n<\/div>\n\n\n\n<div class=\"wp-block-column is-vertically-aligned-center is-layout-flow wp-block-column-is-layout-flow\" style=\"flex-basis:50%\">\n<h2 class=\"wp-block-heading\">Un h\u00e9ritage de 40 ans. Une r\u00e9volution BIO<\/h2>\n\n\n\n<p><strong>D\u00e9couvrez mon premier mill\u00e9sime : un Beaujolais Villages 2025 certifi\u00e9 Agriculture Biologique<\/strong><\/p>\n\n\n\n<figure class=\"wp-block-image size-large is-resized\"><img decoding=\"async\" width=\"847\" height=\"1024\" src=\"https:\/\/saintennemond.com\/wp-content\/uploads\/2025\/10\/AB-seul.jpg-1-847x1024.jpeg\" alt=\"\" class=\"wp-image-342\" style=\"width:235px;height:auto\" srcset=\"https:\/\/saintennemond.com\/wp-content\/uploads\/2025\/10\/AB-seul.jpg-1-847x1024.jpeg 847w, https:\/\/saintennemond.com\/wp-content\/uploads\/2025\/10\/AB-seul.jpg-1-600x726.jpeg 600w, https:\/\/saintennemond.com\/wp-content\/uploads\/2025\/10\/AB-seul.jpg-1-248x300.jpeg 248w, https:\/\/saintennemond.com\/wp-content\/uploads\/2025\/10\/AB-seul.jpg-1-768x929.jpeg 768w, https:\/\/saintennemond.com\/wp-content\/uploads\/2025\/10\/AB-seul.jpg-1-1270x1536.jpeg 1270w, https:\/\/saintennemond.com\/wp-content\/uploads\/2025\/10\/AB-seul.jpg-1-1693x2048.jpeg 1693w, https:\/\/saintennemond.com\/wp-content\/uploads\/2025\/10\/AB-seul.jpg-1-1568x1896.jpeg 1568w, https:\/\/saintennemond.com\/wp-content\/uploads\/2025\/10\/AB-seul.jpg-1.jpeg 1833w\" sizes=\"(max-width: 847px) 100vw, 847px\" \/><\/figure>\n\n\n\n<figure class=\"wp-block-image size-full is-resized\"><img decoding=\"async\" width=\"638\" height=\"425\" src=\"https:\/\/saintennemond.com\/wp-content\/uploads\/2025\/10\/logoeurofeuille-seul.jpg-1.jpeg\" alt=\"\" class=\"wp-image-344\" style=\"width:237px;height:auto\" srcset=\"https:\/\/saintennemond.com\/wp-content\/uploads\/2025\/10\/logoeurofeuille-seul.jpg-1.jpeg 638w, https:\/\/saintennemond.com\/wp-content\/uploads\/2025\/10\/logoeurofeuille-seul.jpg-1-600x400.jpeg 600w, https:\/\/saintennemond.com\/wp-content\/uploads\/2025\/10\/logoeurofeuille-seul.jpg-1-300x200.jpeg 300w\" sizes=\"(max-width: 638px) 100vw, 638px\" \/><\/figure>\n<\/div>\n<\/div>\n\n\n\n<div class=\"wp-block-buttons is-content-justification-center is-layout-flex wp-container-core-buttons-is-layout-16018d1d wp-block-buttons-is-layout-flex\">\n<div class=\"wp-block-button is-style-outline is-style-outline--1\"><a class=\"wp-block-button__link wp-element-button\" href=\"https:\/\/saintennemond.com\/index.php\/a-propos-de\/\"><strong>DECOUVRIR<\/strong><\/a><\/div>\n<\/div>\n","protected":false},"excerpt":{"rendered":"<p>Un h\u00e9ritage de 40 ans. Une r\u00e9volution BIO D\u00e9couvrez mon premier mill\u00e9sime : un Beaujolais Villages 2025 certifi\u00e9 Agriculture Biologique<\/p>\n","protected":false},"author":1,"featured_media":0,"parent":0,"menu_order":0,"comment_status":"closed","ping_status":"closed","template":"","meta":{"footnotes":""},"class_list":["post-21","page","type-page","status-publish","hentry","entry"],"mb":[],"jetpack_sharing_enabled":true,"mfb_rest_fields":["title","jetpack_sharing_enabled","gutenberg_elementor_mode"],"_links":{"self":[{"href":"https:\/\/saintennemond.com\/index.php\/wp-json\/wp\/v2\/pages\/21","targetHints":{"allow":["GET"]}}],"collection":[{"href":"https:\/\/saintennemond.com\/index.php\/wp-json\/wp\/v2\/pages"}],"about":[{"href":"https:\/\/saintennemond.com\/index.php\/wp-json\/wp\/v2\/types\/page"}],"author":[{"embeddable":true,"href":"https:\/\/saintennemond.com\/index.php\/wp-json\/wp\/v2\/users\/1"}],"replies":[{"embeddable":true,"href":"https:\/\/saintennemond.com\/index.php\/wp-json\/wp\/v2\/comments?post=21"}],"version-history":[{"count":20,"href":"https:\/\/saintennemond.com\/index.php\/wp-json\/wp\/v2\/pages\/21\/revisions"}],"predecessor-version":[{"id":545,"href":"https:\/\/saintennemond.com\/index.php\/wp-json\/wp\/v2\/pages\/21\/revisions\/545"}],"wp:attachment":[{"href":"https:\/\/saintennemond.com\/index.php\/wp-json\/wp\/v2\/media?parent=21"}],"curies":[{"name":"wp","href":"https:\/\/api.w.org\/{rel}","templated":true}]}}