{"id":23,"date":"2025-09-15T12:48:49","date_gmt":"2025-09-15T12:48:49","guid":{"rendered":"http:\/\/saintennemond.com\/?page_id=23"},"modified":"2026-01-26T12:55:52","modified_gmt":"2026-01-26T12:55:52","slug":"contact","status":"publish","type":"page","link":"https:\/\/saintennemond.com\/index.php\/contact\/","title":{"rendered":"ACTUALITES"},"content":{"rendered":"\n<div class=\"wp-block-query alignwide is-layout-flow wp-block-query-is-layout-flow\"><ul class=\"columns-3 wp-block-post-template is-layout-grid wp-container-core-post-template-is-layout-2fc57c17 wp-block-post-template-is-layout-grid\"><li class=\"wp-block-post post-761 post type-post status-publish format-standard has-post-thumbnail hentry category-non-classe-de entry\">\n\n<div class=\"wp-block-group\" style=\"padding-top:30px;padding-right:30px;padding-bottom:30px;padding-left:30px\"><div class=\"wp-block-group__inner-container is-layout-flow wp-block-group-is-layout-flow\"><figure style=\"width:100%;height:250px;\" class=\"wp-block-post-featured-image\"><a href=\"https:\/\/saintennemond.com\/index.php\/de\/2026\/03\/27\/verkostung-des-bio-jahrgangs-2025\/\" target=\"_self\"  style=\"height:250px\"><img decoding=\"async\" width=\"1\" height=\"1\" src=\"https:\/\/saintennemond.com\/wp-content\/uploads\/2026\/02\/IMG_7810-2.jpeg\" class=\"attachment-post-thumbnail size-post-thumbnail wp-post-image\" alt=\"Verkostung des Bio-Jahrgangs 2025\" style=\"height:250px;object-fit:cover;\" \/><\/a><\/figure>\n\n<h2 class=\"wp-block-post-title\"><a href=\"https:\/\/saintennemond.com\/index.php\/de\/2026\/03\/27\/verkostung-des-bio-jahrgangs-2025\/\" target=\"_self\" >Verkostung des Bio-Jahrgangs 2025<\/a><\/h2>\n\n<div class=\"wp-block-post-excerpt\"><p class=\"wp-block-post-excerpt__excerpt\">Heute Morgen haben wir gemeinsam mit S\u00e9bastien, unserem Kellermeister und \u00d6nologen, den\u00a0Bio-Jahrgang 2025verkostet. Die Probe wurde aus einem 50-Hektoliter-Tank f\u00fcr Biowein entnommen: Der Wein ist frisch und geschmeidig, mit Aromen von&nbsp;Unterholz und Sauerkirschen. Seine rubinrote Farbe ist typisch f\u00fcr einen&nbsp;Naturwein. Am Gaumen ist er \u2013 wie mein Gro\u00dfvater zu sagen pflegte \u2013 sehr bek\u00f6mmlich und&hellip;\u2026 <\/p><\/div>\n\n<div class=\"wp-block-post-date\"><time datetime=\"2026-03-27T15:10:36+00:00\">mars 27, 2026<\/time><\/div><\/div><\/div>\n\n<\/li><li class=\"wp-block-post post-758 post type-post status-publish format-standard has-post-thumbnail hentry category-non-classe-en entry\">\n\n<div class=\"wp-block-group\" style=\"padding-top:30px;padding-right:30px;padding-bottom:30px;padding-left:30px\"><div class=\"wp-block-group__inner-container is-layout-flow wp-block-group-is-layout-flow\"><figure style=\"width:100%;height:250px;\" class=\"wp-block-post-featured-image\"><a href=\"https:\/\/saintennemond.com\/index.php\/en\/2026\/03\/27\/2025-organic-vintage-tasting\/\" target=\"_self\"  style=\"height:250px\"><img decoding=\"async\" width=\"1\" height=\"1\" src=\"https:\/\/saintennemond.com\/wp-content\/uploads\/2026\/02\/IMG_7810-2.jpeg\" class=\"attachment-post-thumbnail size-post-thumbnail wp-post-image\" alt=\"2025 Organic Vintage Tasting\" style=\"height:250px;object-fit:cover;\" \/><\/a><\/figure>\n\n<h2 class=\"wp-block-post-title\"><a href=\"https:\/\/saintennemond.com\/index.php\/en\/2026\/03\/27\/2025-organic-vintage-tasting\/\" target=\"_self\" >2025 Organic Vintage Tasting<\/a><\/h2>\n\n<div class=\"wp-block-post-excerpt\"><p class=\"wp-block-post-excerpt__excerpt\">This morning, we held a tasting of the\u00a02025 Organic (BIO) vintage\u00a0with S\u00e9bastien, our cellar master and oenologist. The sample was drawn from a 50-hectolitre organic wine vat: The wine is fresh and supple, featuring notes of&nbsp;undergrowth and morello cherries. Its ruby hue is characteristic of a&nbsp;natural wine. On the palate, as my grandfather used to&hellip;\u2026 <\/p><\/div>\n\n<div class=\"wp-block-post-date\"><time datetime=\"2026-03-27T15:06:38+00:00\">mars 27, 2026<\/time><\/div><\/div><\/div>\n\n<\/li><li class=\"wp-block-post post-745 post type-post status-publish format-standard has-post-thumbnail hentry category-uncategorized entry\">\n\n<div class=\"wp-block-group\" style=\"padding-top:30px;padding-right:30px;padding-bottom:30px;padding-left:30px\"><div class=\"wp-block-group__inner-container is-layout-flow wp-block-group-is-layout-flow\"><figure style=\"width:100%;height:250px;\" class=\"wp-block-post-featured-image\"><a href=\"https:\/\/saintennemond.com\/index.php\/2026\/02\/17\/le-millesime-2025\/\" target=\"_self\"  style=\"height:250px\"><img decoding=\"async\" width=\"1\" height=\"1\" src=\"https:\/\/saintennemond.com\/wp-content\/uploads\/2026\/02\/IMG_7810-2.jpeg\" class=\"attachment-post-thumbnail size-post-thumbnail wp-post-image\" alt=\"Le mill\u00e9sime 2025\" style=\"height:250px;object-fit:cover;\" \/><\/a><\/figure>\n\n<h2 class=\"wp-block-post-title\"><a href=\"https:\/\/saintennemond.com\/index.php\/2026\/02\/17\/le-millesime-2025\/\" target=\"_self\" >Le mill\u00e9sime 2025<\/a><\/h2>\n\n<div class=\"wp-block-post-excerpt\"><p class=\"wp-block-post-excerpt__excerpt\">Nous avons proc\u00e9d\u00e9 \u00e0 la d\u00e9gustation du mill\u00e9sime 2025 BIO avec S\u00e9bastien, notre ma\u00eetre de chais et oenologue, ce matin. Dans une cuve de 50 hectolitres de vin bio, l&rsquo;\u00e9chantillon a \u00e9t\u00e9 pr\u00e9lev\u00e9 pour la d\u00e9gustation : Le vin est frais, souple, avec des ar\u00f4mes de sous-bois et de griottes. Sa couleur rubis est celle&hellip;\u2026 <\/p><\/div>\n\n<div class=\"wp-block-post-date\"><time datetime=\"2026-02-17T11:49:49+00:00\">f\u00e9vrier 17, 2026<\/time><\/div><\/div><\/div>\n\n<\/li><li class=\"wp-block-post post-742 post type-post status-publish format-standard has-post-thumbnail hentry category-non-classe-de entry\">\n\n<div class=\"wp-block-group\" style=\"padding-top:30px;padding-right:30px;padding-bottom:30px;padding-left:30px\"><div class=\"wp-block-group__inner-container is-layout-flow wp-block-group-is-layout-flow\"><figure style=\"width:100%;height:250px;\" class=\"wp-block-post-featured-image\"><a href=\"https:\/\/saintennemond.com\/index.php\/de\/2026\/01\/27\/zufuhr-von-organischem-material\/\" target=\"_self\"  style=\"height:250px\"><img loading=\"lazy\" decoding=\"async\" width=\"1310\" height=\"1304\" src=\"https:\/\/saintennemond.com\/wp-content\/uploads\/2026\/01\/Capture-decran-2026-01-27-a-14.18.34.png\" class=\"attachment-post-thumbnail size-post-thumbnail wp-post-image\" alt=\"Zufuhr von organischem Material\" style=\"width:100%;height:99.54%;max-width:1310px;height:250px;object-fit:cover;\" srcset=\"https:\/\/saintennemond.com\/wp-content\/uploads\/2026\/01\/Capture-decran-2026-01-27-a-14.18.34.png 1310w, https:\/\/saintennemond.com\/wp-content\/uploads\/2026\/01\/Capture-decran-2026-01-27-a-14.18.34-300x300.png 300w, https:\/\/saintennemond.com\/wp-content\/uploads\/2026\/01\/Capture-decran-2026-01-27-a-14.18.34-1024x1019.png 1024w, https:\/\/saintennemond.com\/wp-content\/uploads\/2026\/01\/Capture-decran-2026-01-27-a-14.18.34-150x150.png 150w, https:\/\/saintennemond.com\/wp-content\/uploads\/2026\/01\/Capture-decran-2026-01-27-a-14.18.34-768x764.png 768w, https:\/\/saintennemond.com\/wp-content\/uploads\/2026\/01\/Capture-decran-2026-01-27-a-14.18.34-600x597.png 600w, https:\/\/saintennemond.com\/wp-content\/uploads\/2026\/01\/Capture-decran-2026-01-27-a-14.18.34-100x100.png 100w\" sizes=\"(max-width: 1310px) 100vw, 1310px\" \/><\/a><\/figure>\n\n<h2 class=\"wp-block-post-title\"><a href=\"https:\/\/saintennemond.com\/index.php\/de\/2026\/01\/27\/zufuhr-von-organischem-material\/\" target=\"_self\" >Zufuhr von organischem Material<\/a><\/h2>\n\n<div class=\"wp-block-post-excerpt\"><p class=\"wp-block-post-excerpt__excerpt\">Die Rebe ist wie ein Mensch: Sie braucht Nahrung. Deshalb muss regelm\u00e4\u00dfig eine Bodenverbesserung vorgenommen werden. Da ich \u00f6kologischen Weinbau betreibe, kommt die Zugabe von chemischem D\u00fcnger nicht in Frage, da ich sonst meine Bio-Zertifizierung verlieren w\u00fcrde. Eine Bodenanalyse aus dem Jahr 2021 hat einen Stickstoffmangel ergeben. Seitdem f\u00fcge ich jedes Jahr einen organischen Bodenverbesserer&hellip;\u2026 <\/p><\/div>\n\n<div class=\"wp-block-post-date\"><time datetime=\"2026-01-27T13:43:24+00:00\">janvier 27, 2026<\/time><\/div><\/div><\/div>\n\n<\/li><li class=\"wp-block-post post-739 post type-post status-publish format-standard has-post-thumbnail hentry category-non-classe-en entry\">\n\n<div class=\"wp-block-group\" style=\"padding-top:30px;padding-right:30px;padding-bottom:30px;padding-left:30px\"><div class=\"wp-block-group__inner-container is-layout-flow wp-block-group-is-layout-flow\"><figure style=\"width:100%;height:250px;\" class=\"wp-block-post-featured-image\"><a href=\"https:\/\/saintennemond.com\/index.php\/en\/2026\/01\/27\/adding-organic-matter\/\" target=\"_self\"  style=\"height:250px\"><img loading=\"lazy\" decoding=\"async\" width=\"1310\" height=\"1304\" src=\"https:\/\/saintennemond.com\/wp-content\/uploads\/2026\/01\/Capture-decran-2026-01-27-a-14.18.34.png\" class=\"attachment-post-thumbnail size-post-thumbnail wp-post-image\" alt=\"Adding organic matter\" style=\"width:100%;height:99.54%;max-width:1310px;height:250px;object-fit:cover;\" srcset=\"https:\/\/saintennemond.com\/wp-content\/uploads\/2026\/01\/Capture-decran-2026-01-27-a-14.18.34.png 1310w, https:\/\/saintennemond.com\/wp-content\/uploads\/2026\/01\/Capture-decran-2026-01-27-a-14.18.34-300x300.png 300w, https:\/\/saintennemond.com\/wp-content\/uploads\/2026\/01\/Capture-decran-2026-01-27-a-14.18.34-1024x1019.png 1024w, https:\/\/saintennemond.com\/wp-content\/uploads\/2026\/01\/Capture-decran-2026-01-27-a-14.18.34-150x150.png 150w, https:\/\/saintennemond.com\/wp-content\/uploads\/2026\/01\/Capture-decran-2026-01-27-a-14.18.34-768x764.png 768w, https:\/\/saintennemond.com\/wp-content\/uploads\/2026\/01\/Capture-decran-2026-01-27-a-14.18.34-600x597.png 600w, https:\/\/saintennemond.com\/wp-content\/uploads\/2026\/01\/Capture-decran-2026-01-27-a-14.18.34-100x100.png 100w\" sizes=\"(max-width: 1310px) 100vw, 1310px\" \/><\/a><\/figure>\n\n<h2 class=\"wp-block-post-title\"><a href=\"https:\/\/saintennemond.com\/index.php\/en\/2026\/01\/27\/adding-organic-matter\/\" target=\"_self\" >Adding organic matter<\/a><\/h2>\n\n<div class=\"wp-block-post-excerpt\"><p class=\"wp-block-post-excerpt__excerpt\">La vigne est comme un \u00eatre humain : elle a besoin de nourriture. C\u2019est pourquoi il faut r\u00e9guli\u00e8rement ajout\u00e9 un amendement.&nbsp; Comme je suis en viticulture biologique, il est hors de question de rajouter de l\u2019engrais chimique sous peine de perdre ma certification biologique. Une analyse de sol r\u00e9alis\u00e9e en 2021 a r\u00e9v\u00e9ler un manque&hellip;\u2026 <\/p><\/div>\n\n<div class=\"wp-block-post-date\"><time datetime=\"2026-01-27T13:38:47+00:00\">janvier 27, 2026<\/time><\/div><\/div><\/div>\n\n<\/li><li class=\"wp-block-post post-735 post type-post status-publish format-standard has-post-thumbnail hentry category-uncategorized entry\">\n\n<div class=\"wp-block-group\" style=\"padding-top:30px;padding-right:30px;padding-bottom:30px;padding-left:30px\"><div class=\"wp-block-group__inner-container is-layout-flow wp-block-group-is-layout-flow\"><figure style=\"width:100%;height:250px;\" class=\"wp-block-post-featured-image\"><a href=\"https:\/\/saintennemond.com\/index.php\/2026\/01\/27\/ajout-damendement-organique\/\" target=\"_self\"  style=\"height:250px\"><img loading=\"lazy\" decoding=\"async\" width=\"1310\" height=\"1304\" src=\"https:\/\/saintennemond.com\/wp-content\/uploads\/2026\/01\/Capture-decran-2026-01-27-a-14.18.34.png\" class=\"attachment-post-thumbnail size-post-thumbnail wp-post-image\" alt=\"Ajout d&rsquo;amendement organique\" style=\"width:100%;height:99.54%;max-width:1310px;height:250px;object-fit:cover;\" srcset=\"https:\/\/saintennemond.com\/wp-content\/uploads\/2026\/01\/Capture-decran-2026-01-27-a-14.18.34.png 1310w, https:\/\/saintennemond.com\/wp-content\/uploads\/2026\/01\/Capture-decran-2026-01-27-a-14.18.34-300x300.png 300w, https:\/\/saintennemond.com\/wp-content\/uploads\/2026\/01\/Capture-decran-2026-01-27-a-14.18.34-1024x1019.png 1024w, https:\/\/saintennemond.com\/wp-content\/uploads\/2026\/01\/Capture-decran-2026-01-27-a-14.18.34-150x150.png 150w, https:\/\/saintennemond.com\/wp-content\/uploads\/2026\/01\/Capture-decran-2026-01-27-a-14.18.34-768x764.png 768w, https:\/\/saintennemond.com\/wp-content\/uploads\/2026\/01\/Capture-decran-2026-01-27-a-14.18.34-600x597.png 600w, https:\/\/saintennemond.com\/wp-content\/uploads\/2026\/01\/Capture-decran-2026-01-27-a-14.18.34-100x100.png 100w\" sizes=\"(max-width: 1310px) 100vw, 1310px\" \/><\/a><\/figure>\n\n<h2 class=\"wp-block-post-title\"><a href=\"https:\/\/saintennemond.com\/index.php\/2026\/01\/27\/ajout-damendement-organique\/\" target=\"_self\" >Ajout d&rsquo;amendement organique<\/a><\/h2>\n\n<div class=\"wp-block-post-excerpt\"><p class=\"wp-block-post-excerpt__excerpt\">La vigne est comme un \u00eatre humain : elle a besoin de nourriture. C&rsquo;est pourquoi il faut r\u00e9guli\u00e8rement ajout\u00e9 un amendement. Comme je suis en viticulture biologique, il est hors de question de rajouter de l&rsquo;engrais chimique sous peine de perdre ma certification biologique. Une analyse de sol r\u00e9alis\u00e9e en 2021 a r\u00e9v\u00e9ler un manque&hellip;\u2026 <\/p><\/div>\n\n<div class=\"wp-block-post-date\"><time datetime=\"2026-01-27T13:31:31+00:00\">janvier 27, 2026<\/time><\/div><\/div><\/div>\n\n<\/li><li class=\"wp-block-post post-732 post type-post status-publish format-standard has-post-thumbnail hentry category-non-classe-de entry\">\n\n<div class=\"wp-block-group\" style=\"padding-top:30px;padding-right:30px;padding-bottom:30px;padding-left:30px\"><div class=\"wp-block-group__inner-container is-layout-flow wp-block-group-is-layout-flow\"><figure style=\"width:100%;height:250px;\" class=\"wp-block-post-featured-image\"><a href=\"https:\/\/saintennemond.com\/index.php\/de\/2026\/01\/27\/auf-dem-weg-zum-biologischen-weinbau-pferd-und-pflug\/\" target=\"_self\"  style=\"height:250px\"><img loading=\"lazy\" decoding=\"async\" width=\"1568\" height=\"890\" src=\"https:\/\/saintennemond.com\/wp-content\/uploads\/2025\/09\/Capture-decran-2025-09-05-a-09.00.59-1568x890.png\" class=\"attachment-post-thumbnail size-post-thumbnail wp-post-image\" alt=\"Auf dem Weg zum biologischen Weinbau: Pferd und Pflug\" style=\"width:100%;height:56.75%;max-width:1970px;height:250px;object-fit:cover;\" srcset=\"https:\/\/saintennemond.com\/wp-content\/uploads\/2025\/09\/Capture-decran-2025-09-05-a-09.00.59-1568x890.png 1568w, https:\/\/saintennemond.com\/wp-content\/uploads\/2025\/09\/Capture-decran-2025-09-05-a-09.00.59-600x341.png 600w, https:\/\/saintennemond.com\/wp-content\/uploads\/2025\/09\/Capture-decran-2025-09-05-a-09.00.59-300x170.png 300w, https:\/\/saintennemond.com\/wp-content\/uploads\/2025\/09\/Capture-decran-2025-09-05-a-09.00.59-1024x581.png 1024w, https:\/\/saintennemond.com\/wp-content\/uploads\/2025\/09\/Capture-decran-2025-09-05-a-09.00.59-768x436.png 768w, https:\/\/saintennemond.com\/wp-content\/uploads\/2025\/09\/Capture-decran-2025-09-05-a-09.00.59-1536x872.png 1536w, https:\/\/saintennemond.com\/wp-content\/uploads\/2025\/09\/Capture-decran-2025-09-05-a-09.00.59.png 1970w\" sizes=\"(max-width: 1568px) 100vw, 1568px\" \/><\/a><\/figure>\n\n<h2 class=\"wp-block-post-title\"><a href=\"https:\/\/saintennemond.com\/index.php\/de\/2026\/01\/27\/auf-dem-weg-zum-biologischen-weinbau-pferd-und-pflug\/\" target=\"_self\" >Auf dem Weg zum biologischen Weinbau: Pferd und Pflug<\/a><\/h2>\n\n<div class=\"wp-block-post-excerpt\"><p class=\"wp-block-post-excerpt__excerpt\">Im \u00f6kologischen Landbau d\u00fcrfen keine chemischen Herbizide eingesetzt werden, um Beikr\u00e4uter (Unkr\u00e4uter) zu entfernen, die mit den Reben konkurrieren. Daher f\u00fchre ich die Unkrautbek\u00e4mpfung mit Hilfe eines Pfluges und eines Pferdes durch. L\u00e9a und ihre Pferde, Hippi und Hermes, haben im Weinberg in Saint Ennemond verschiedene Pflugarbeiten durchgef\u00fchrt. Im Laufe der Saison gibt es drei&hellip;\u2026 <\/p><\/div>\n\n<div class=\"wp-block-post-date\"><time datetime=\"2026-01-27T10:29:14+00:00\">janvier 27, 2026<\/time><\/div><\/div><\/div>\n\n<\/li><li class=\"wp-block-post post-729 post type-post status-publish format-standard has-post-thumbnail hentry category-non-classe-en entry\">\n\n<div class=\"wp-block-group\" style=\"padding-top:30px;padding-right:30px;padding-bottom:30px;padding-left:30px\"><div class=\"wp-block-group__inner-container is-layout-flow wp-block-group-is-layout-flow\"><figure style=\"width:100%;height:250px;\" class=\"wp-block-post-featured-image\"><a href=\"https:\/\/saintennemond.com\/index.php\/en\/2026\/01\/27\/on-the-path-to-organic-viticulture-horse-and-plow\/\" target=\"_self\"  style=\"height:250px\"><img loading=\"lazy\" decoding=\"async\" width=\"1568\" height=\"890\" src=\"https:\/\/saintennemond.com\/wp-content\/uploads\/2025\/09\/Capture-decran-2025-09-05-a-09.00.59-1568x890.png\" class=\"attachment-post-thumbnail size-post-thumbnail wp-post-image\" alt=\"On the path to organic viticulture: horse and plow\" style=\"width:100%;height:56.75%;max-width:1970px;height:250px;object-fit:cover;\" srcset=\"https:\/\/saintennemond.com\/wp-content\/uploads\/2025\/09\/Capture-decran-2025-09-05-a-09.00.59-1568x890.png 1568w, https:\/\/saintennemond.com\/wp-content\/uploads\/2025\/09\/Capture-decran-2025-09-05-a-09.00.59-600x341.png 600w, https:\/\/saintennemond.com\/wp-content\/uploads\/2025\/09\/Capture-decran-2025-09-05-a-09.00.59-300x170.png 300w, https:\/\/saintennemond.com\/wp-content\/uploads\/2025\/09\/Capture-decran-2025-09-05-a-09.00.59-1024x581.png 1024w, https:\/\/saintennemond.com\/wp-content\/uploads\/2025\/09\/Capture-decran-2025-09-05-a-09.00.59-768x436.png 768w, https:\/\/saintennemond.com\/wp-content\/uploads\/2025\/09\/Capture-decran-2025-09-05-a-09.00.59-1536x872.png 1536w, https:\/\/saintennemond.com\/wp-content\/uploads\/2025\/09\/Capture-decran-2025-09-05-a-09.00.59.png 1970w\" sizes=\"(max-width: 1568px) 100vw, 1568px\" \/><\/a><\/figure>\n\n<h2 class=\"wp-block-post-title\"><a href=\"https:\/\/saintennemond.com\/index.php\/en\/2026\/01\/27\/on-the-path-to-organic-viticulture-horse-and-plow\/\" target=\"_self\" >On the path to organic viticulture: horse and plow<\/a><\/h2>\n\n<div class=\"wp-block-post-excerpt\"><p class=\"wp-block-post-excerpt__excerpt\">In organic farming, chemical herbicides must not be used to remove weeds (adventive plants) that compete with the vines. Therefore, I eliminate weeds using a plow and a horse. L\u00e9a and her horses, Hippi and Hermes, carried out several plowing tasks in the vineyard at Saint Ennemond. During the season, there are three types of&hellip;\u2026 <\/p><\/div>\n\n<div class=\"wp-block-post-date\"><time datetime=\"2026-01-27T10:25:20+00:00\">janvier 27, 2026<\/time><\/div><\/div><\/div>\n\n<\/li><li class=\"wp-block-post post-725 post type-post status-publish format-standard has-post-thumbnail hentry category-uncategorized entry\">\n\n<div class=\"wp-block-group\" style=\"padding-top:30px;padding-right:30px;padding-bottom:30px;padding-left:30px\"><div class=\"wp-block-group__inner-container is-layout-flow wp-block-group-is-layout-flow\"><figure style=\"width:100%;height:250px;\" class=\"wp-block-post-featured-image\"><a href=\"https:\/\/saintennemond.com\/index.php\/2026\/01\/27\/sur-le-chemin-de-la-culture-biologique-de-la-vigne-cheval-et-charrue\/\" target=\"_self\"  style=\"height:250px\"><img loading=\"lazy\" decoding=\"async\" width=\"1568\" height=\"890\" src=\"https:\/\/saintennemond.com\/wp-content\/uploads\/2025\/09\/Capture-decran-2025-09-05-a-09.00.59-1568x890.png\" class=\"attachment-post-thumbnail size-post-thumbnail wp-post-image\" alt=\"Sur le chemin de la culture biologique de la vigne : cheval et charrue\" style=\"width:100%;height:56.75%;max-width:1970px;height:250px;object-fit:cover;\" srcset=\"https:\/\/saintennemond.com\/wp-content\/uploads\/2025\/09\/Capture-decran-2025-09-05-a-09.00.59-1568x890.png 1568w, https:\/\/saintennemond.com\/wp-content\/uploads\/2025\/09\/Capture-decran-2025-09-05-a-09.00.59-600x341.png 600w, https:\/\/saintennemond.com\/wp-content\/uploads\/2025\/09\/Capture-decran-2025-09-05-a-09.00.59-300x170.png 300w, https:\/\/saintennemond.com\/wp-content\/uploads\/2025\/09\/Capture-decran-2025-09-05-a-09.00.59-1024x581.png 1024w, https:\/\/saintennemond.com\/wp-content\/uploads\/2025\/09\/Capture-decran-2025-09-05-a-09.00.59-768x436.png 768w, https:\/\/saintennemond.com\/wp-content\/uploads\/2025\/09\/Capture-decran-2025-09-05-a-09.00.59-1536x872.png 1536w, https:\/\/saintennemond.com\/wp-content\/uploads\/2025\/09\/Capture-decran-2025-09-05-a-09.00.59.png 1970w\" sizes=\"(max-width: 1568px) 100vw, 1568px\" \/><\/a><\/figure>\n\n<h2 class=\"wp-block-post-title\"><a href=\"https:\/\/saintennemond.com\/index.php\/2026\/01\/27\/sur-le-chemin-de-la-culture-biologique-de-la-vigne-cheval-et-charrue\/\" target=\"_self\" >Sur le chemin de la culture biologique de la vigne : cheval et charrue<\/a><\/h2>\n\n<div class=\"wp-block-post-excerpt\"><p class=\"wp-block-post-excerpt__excerpt\">En agriculture biologique, on ne doit pas faire usage de d\u00e9sherbants chimiques pour enlever les adventices (mauvaises herbes) qui font concurrence \u00e0 la vigne. Aussi, je proc\u00e8de \u00e0 l&rsquo;\u00e9limination des mauvaises herbes \u00e0 l&rsquo;aide d&rsquo;une charrue et d&rsquo;un cheval. C&rsquo;est L\u00e9a et ses chevaux, Hippi et Hermes, qui ont proc\u00e9d\u00e9 \u00e0 plusieurs travaux de labour&hellip;\u2026 <\/p><\/div>\n\n<div class=\"wp-block-post-date\"><time datetime=\"2026-01-27T10:16:21+00:00\">janvier 27, 2026<\/time><\/div><\/div><\/div>\n\n<\/li><li class=\"wp-block-post post-694 post type-post status-publish format-standard has-post-thumbnail hentry category-non-classe-de entry\">\n\n<div class=\"wp-block-group\" style=\"padding-top:30px;padding-right:30px;padding-bottom:30px;padding-left:30px\"><div class=\"wp-block-group__inner-container is-layout-flow wp-block-group-is-layout-flow\"><figure style=\"width:100%;height:250px;\" class=\"wp-block-post-featured-image\"><a href=\"https:\/\/saintennemond.com\/index.php\/de\/2026\/01\/26\/die-weinlese-im-jahr-1951\/\" target=\"_self\"  style=\"height:250px\"><img loading=\"lazy\" decoding=\"async\" width=\"1568\" height=\"1247\" src=\"https:\/\/saintennemond.com\/wp-content\/uploads\/2025\/10\/Vendanges1951-1568x1247.png\" class=\"attachment-post-thumbnail size-post-thumbnail wp-post-image\" alt=\"Die Weinlese im Jahr 1951\" style=\"width:100%;height:79.57%;max-width:2560px;height:250px;object-fit:cover;\" srcset=\"https:\/\/saintennemond.com\/wp-content\/uploads\/2025\/10\/Vendanges1951-1568x1247.png 1568w, https:\/\/saintennemond.com\/wp-content\/uploads\/2025\/10\/Vendanges1951-scaled-600x477.png 600w, https:\/\/saintennemond.com\/wp-content\/uploads\/2025\/10\/Vendanges1951-300x239.png 300w, https:\/\/saintennemond.com\/wp-content\/uploads\/2025\/10\/Vendanges1951-1024x815.png 1024w, https:\/\/saintennemond.com\/wp-content\/uploads\/2025\/10\/Vendanges1951-768x611.png 768w, https:\/\/saintennemond.com\/wp-content\/uploads\/2025\/10\/Vendanges1951-1536x1222.png 1536w, https:\/\/saintennemond.com\/wp-content\/uploads\/2025\/10\/Vendanges1951-2048x1629.png 2048w\" sizes=\"(max-width: 1568px) 100vw, 1568px\" \/><\/a><\/figure>\n\n<h2 class=\"wp-block-post-title\"><a href=\"https:\/\/saintennemond.com\/index.php\/de\/2026\/01\/26\/die-weinlese-im-jahr-1951\/\" target=\"_self\" >Die Weinlese im Jahr 1951<\/a><\/h2>\n\n<div class=\"wp-block-post-excerpt\"><p class=\"wp-block-post-excerpt__excerpt\">Diese&nbsp;Schwarz-Wei\u00df-Fotografie&nbsp;ist ein wahrer Schatz der Erinnerung und f\u00e4ngt die Essenz der Weinlese von einst ein. Mein Onkel, der Mann im Vordergrund mit seiner unverwechselbaren&nbsp;M\u00fctze&nbsp;und dem L\u00e4cheln, das ihn so oft erhellte, verk\u00f6rpert allein den Stolz und die Ausdauer der Winzer einer anderen Generation. Zusammen mit einem Nachbarn tr\u00e4gt er diese schwere&nbsp;Holzb\u00fctte&nbsp;auf den Schultern, die \u00fcberquellend&hellip;\u2026 <\/p><\/div>\n\n<div class=\"wp-block-post-date\"><time datetime=\"2026-01-26T10:55:17+00:00\">janvier 26, 2026<\/time><\/div><\/div><\/div>\n\n<\/li><\/ul><\/div>\n","protected":false},"excerpt":{"rendered":"","protected":false},"author":1,"featured_media":0,"parent":0,"menu_order":0,"comment_status":"closed","ping_status":"closed","template":"","meta":{"footnotes":""},"class_list":["post-23","page","type-page","status-publish","hentry","entry"],"mb":[],"jetpack_sharing_enabled":true,"mfb_rest_fields":["title","jetpack_sharing_enabled","gutenberg_elementor_mode"],"_links":{"self":[{"href":"https:\/\/saintennemond.com\/index.php\/wp-json\/wp\/v2\/pages\/23","targetHints":{"allow":["GET"]}}],"collection":[{"href":"https:\/\/saintennemond.com\/index.php\/wp-json\/wp\/v2\/pages"}],"about":[{"href":"https:\/\/saintennemond.com\/index.php\/wp-json\/wp\/v2\/types\/page"}],"author":[{"embeddable":true,"href":"https:\/\/saintennemond.com\/index.php\/wp-json\/wp\/v2\/users\/1"}],"replies":[{"embeddable":true,"href":"https:\/\/saintennemond.com\/index.php\/wp-json\/wp\/v2\/comments?post=23"}],"version-history":[{"count":25,"href":"https:\/\/saintennemond.com\/index.php\/wp-json\/wp\/v2\/pages\/23\/revisions"}],"predecessor-version":[{"id":722,"href":"https:\/\/saintennemond.com\/index.php\/wp-json\/wp\/v2\/pages\/23\/revisions\/722"}],"wp:attachment":[{"href":"https:\/\/saintennemond.com\/index.php\/wp-json\/wp\/v2\/media?parent=23"}],"curies":[{"name":"wp","href":"https:\/\/api.w.org\/{rel}","templated":true}]}}