{"id":246,"date":"2025-09-19T07:16:54","date_gmt":"2025-09-19T07:16:54","guid":{"rendered":"https:\/\/saintennemond.com\/?page_id=246"},"modified":"2025-09-22T09:25:38","modified_gmt":"2025-09-22T09:25:38","slug":"mention-legale","status":"publish","type":"page","link":"https:\/\/saintennemond.com\/index.php\/mention-legale\/","title":{"rendered":"Mention l\u00e9gale"},"content":{"rendered":"\n<h3 class=\"wp-block-heading\"><strong>Avertissement<\/strong><\/h3>\n\n\n\n<p>L&rsquo;abus d&rsquo;alcool est dangereux pour la sant\u00e9, \u00e0 consommer avec mod\u00e9ration. La consommation de boissons alcoolis\u00e9es pendant la grossesse, m\u00eame en faible quantit\u00e9, peut avoir des cons\u00e9quences graves sur la sant\u00e9 de l&rsquo;enfant.<\/p>\n\n\n\n<p>Vendre ou offrir \u00e0 des mineurs de moins de 18 ans des boissons alcoolis\u00e9es est interdit.<\/p>\n\n\n\n<h3 class=\"wp-block-heading\"><strong>Identit\u00e9 de l&rsquo;entreprise<\/strong><\/h3>\n\n\n\n<ul class=\"wp-block-list\">\n<li><strong>Nom et pr\u00e9nom :<\/strong>&nbsp;Merle Dominique<\/li>\n\n\n\n<li><strong>Statut juridique :<\/strong>&nbsp;Entrepreneur Individuel<\/li>\n\n\n\n<li><strong>Num\u00e9ro de SIRET :<\/strong>&nbsp;98246893600017<\/li>\n\n\n\n<li><strong>Adresse du si\u00e8ge social :<\/strong>&nbsp;9 Passage \u00e0 la C\u00f4te 01390 CIVRIEUX<\/li>\n\n\n\n<li><strong>Num\u00e9ro de t\u00e9l\u00e9phone :<\/strong>&nbsp;06 32 81 97 83<\/li>\n\n\n\n<li><strong>Adresse e-mail :<\/strong>&nbsp;contact@saintennemond.com<\/li>\n<\/ul>\n\n\n\n<h3 class=\"wp-block-heading\"><strong>Directeur de la publication<\/strong><\/h3>\n\n\n\n<ul class=\"wp-block-list\">\n<li>Le directeur de la publication du site web est Dominique MERLE.<\/li>\n<\/ul>\n\n\n\n<h3 class=\"wp-block-heading\"><strong>H\u00e9bergement du site<\/strong><\/h3>\n\n\n\n<ul class=\"wp-block-list\">\n<li><strong>Nom de l&rsquo;h\u00e9bergeur :<\/strong>&nbsp;OVHcloud<\/li>\n\n\n\n<li><strong>Raison sociale :<\/strong>&nbsp;OVH SAS<\/li>\n\n\n\n<li><strong>Capital social :<\/strong>&nbsp;10 174 560 \u20ac<\/li>\n\n\n\n<li><strong>Num\u00e9ro de SIREN :<\/strong>&nbsp;424 761 419<\/li>\n\n\n\n<li><strong>Adresse du si\u00e8ge social :<\/strong>&nbsp;2 rue Kellermann &#8211; 59100 Roubaix &#8211; France<\/li>\n<\/ul>\n\n\n\n<h3 class=\"wp-block-heading\"><strong>Propri\u00e9t\u00e9 intellectuelle<\/strong><\/h3>\n\n\n\n<p>L&rsquo;ensemble de ce site rel\u00e8ve de la l\u00e9gislation fran\u00e7aise et internationale sur le droit d&rsquo;auteur et la propri\u00e9t\u00e9 intellectuelle. Tous les droits de reproduction sont r\u00e9serv\u00e9s, y compris pour les documents t\u00e9l\u00e9chargeables et les repr\u00e9sentations iconographiques et photographiques. La reproduction de tout ou partie de ce site sur un support quel qu&rsquo;il soit est formellement interdite, sauf autorisation expresse du directeur de la publication.<\/p>\n\n\n\n<h3 class=\"wp-block-heading\"><strong>Donn\u00e9es personnelles et RGPD<\/strong><\/h3>\n\n\n\n<p>Les donn\u00e9es \u00e0 caract\u00e8re personnel collect\u00e9es sur le site sont trait\u00e9es de mani\u00e8re confidentielle. Elles sont utilis\u00e9es exclusivement pour les finalit\u00e9s pr\u00e9vues dans notre Politique de Confidentialit\u00e9. Conform\u00e9ment au R\u00e8glement G\u00e9n\u00e9ral sur la Protection des Donn\u00e9es (RGPD), vous disposez d&rsquo;un droit d&rsquo;acc\u00e8s, de rectification, de portabilit\u00e9 et de suppression de vos donn\u00e9es. Vous pouvez exercer ces droits en nous contactant \u00e0 l&rsquo;adresse e-mail mentionn\u00e9e ci-dessus.<\/p>\n\n\n\n<h3 class=\"wp-block-heading\"><strong>Politique de cookies<\/strong><\/h3>\n\n\n\n<p>Ce site utilise des cookies uniquement pour avoir une navigation plus fluide.<\/p>\n","protected":false},"excerpt":{"rendered":"<p>Avertissement L&rsquo;abus d&rsquo;alcool est dangereux pour la sant\u00e9, \u00e0 consommer avec mod\u00e9ration. La consommation de boissons alcoolis\u00e9es pendant la grossesse, m\u00eame en faible quantit\u00e9, peut avoir des cons\u00e9quences graves sur la sant\u00e9 de l&rsquo;enfant. Vendre ou offrir \u00e0 des mineurs de moins de 18 ans des boissons alcoolis\u00e9es est interdit. Identit\u00e9 de l&rsquo;entreprise Directeur de&hellip; <a class=\"more-link\" href=\"https:\/\/saintennemond.com\/index.php\/mention-legale\/\">Poursuivre la lecture <span class=\"screen-reader-text\">Mention l\u00e9gale<\/span><\/a><\/p>\n","protected":false},"author":1,"featured_media":0,"parent":0,"menu_order":0,"comment_status":"closed","ping_status":"closed","template":"","meta":{"footnotes":""},"class_list":["post-246","page","type-page","status-publish","hentry","entry"],"mb":[],"jetpack_sharing_enabled":true,"mfb_rest_fields":["title","jetpack_sharing_enabled","gutenberg_elementor_mode"],"_links":{"self":[{"href":"https:\/\/saintennemond.com\/index.php\/wp-json\/wp\/v2\/pages\/246","targetHints":{"allow":["GET"]}}],"collection":[{"href":"https:\/\/saintennemond.com\/index.php\/wp-json\/wp\/v2\/pages"}],"about":[{"href":"https:\/\/saintennemond.com\/index.php\/wp-json\/wp\/v2\/types\/page"}],"author":[{"embeddable":true,"href":"https:\/\/saintennemond.com\/index.php\/wp-json\/wp\/v2\/users\/1"}],"replies":[{"embeddable":true,"href":"https:\/\/saintennemond.com\/index.php\/wp-json\/wp\/v2\/comments?post=246"}],"version-history":[{"count":4,"href":"https:\/\/saintennemond.com\/index.php\/wp-json\/wp\/v2\/pages\/246\/revisions"}],"predecessor-version":[{"id":324,"href":"https:\/\/saintennemond.com\/index.php\/wp-json\/wp\/v2\/pages\/246\/revisions\/324"}],"wp:attachment":[{"href":"https:\/\/saintennemond.com\/index.php\/wp-json\/wp\/v2\/media?parent=246"}],"curies":[{"name":"wp","href":"https:\/\/api.w.org\/{rel}","templated":true}]}}