{"id":461,"date":"2025-10-05T08:02:25","date_gmt":"2025-10-05T08:02:25","guid":{"rendered":"https:\/\/saintennemond.com\/?page_id=461"},"modified":"2025-10-05T08:02:25","modified_gmt":"2025-10-05T08:02:25","slug":"impressum","status":"publish","type":"page","link":"https:\/\/saintennemond.com\/index.php\/de\/impressum\/","title":{"rendered":"Impressum"},"content":{"rendered":"\n<h2 class=\"wp-block-heading\">1. Warnhinweis und Jugendschutz <\/h2>\n\n\n\n<p><strong>Warnhinweis zum Alkoholkonsum<\/strong>&nbsp;Alkoholmissbrauch ist gesundheitsgef\u00e4hrdend und sollte in Ma\u00dfen konsumiert werden. Der Konsum alkoholischer Getr\u00e4nke w\u00e4hrend der Schwangerschaft, selbst in geringer Menge, kann schwerwiegende Folgen f\u00fcr die Gesundheit des Kindes haben.<\/p>\n\n\n\n<p><strong>Jugendschutz<\/strong>&nbsp;Der Verkauf oder die Abgabe von alkoholischen Getr\u00e4nken an Minderj\u00e4hrige unter&nbsp;<strong>18 Jahren<\/strong>&nbsp;ist gesetzlich untersagt.<\/p>\n\n\n\n<hr class=\"wp-block-separator has-alpha-channel-opacity\"\/>\n\n\n\n<h2 class=\"wp-block-heading\">2. Hinweise zur EU-Streitschlichtung<\/h2>\n\n\n\n<p>Die Europ\u00e4ische Kommission stellt eine Plattform zur Online-Streitbeilegung (OS) bereit:&nbsp;<a target=\"_blank\" rel=\"noreferrer noopener\" href=\"https:\/\/ec.europa.eu\/consumers\/odr\/\">https:\/\/ec.europa.eu\/consumers\/odr\/<\/a>.<\/p>\n\n\n\n<p>Wir sind weder bereit noch verpflichtet, an Streitbeilegungsverfahren vor einer Verbraucherschlichtungsstelle teilzunehmen.<\/p>\n\n\n\n<hr class=\"wp-block-separator has-alpha-channel-opacity\"\/>\n\n\n\n<h2 class=\"wp-block-heading\">3. Haftung f\u00fcr Inhalte<\/h2>\n\n\n\n<p>Als Diensteanbieter sind wir gem\u00e4\u00df \u00a7 7 Abs.1 TMG f\u00fcr eigene Inhalte auf diesen Seiten nach den allgemeinen Gesetzen verantwortlich. Nach \u00a7\u00a7 8 bis 10 TMG sind wir als Diensteanbieter jedoch nicht verpflichtet, \u00fcbermittelte oder gespeicherte fremde Informationen zu \u00fcberwachen oder nach Umst\u00e4nden zu forschen, die auf eine rechtswidrige T\u00e4tigkeit hinweisen. Verpflichtungen zur Entfernung oder Sperrung der Nutzung von Informationen nach den allgemeinen Gesetzen bleiben hiervon unber\u00fchrt. Eine diesbez\u00fcgliche Haftung ist jedoch erst ab dem Zeitpunkt der Kenntnis einer konkreten Rechtsverletzung m\u00f6glich. Bei Bekanntwerden von entsprechenden Rechtsverletzungen werden wir diese Inhalte umgehend entfernen.<\/p>\n\n\n\n<hr class=\"wp-block-separator has-alpha-channel-opacity\"\/>\n\n\n\n<h2 class=\"wp-block-heading\">4. Urheberrecht<\/h2>\n\n\n\n<p>Die durch die Seitenbetreiber erstellten Inhalte und Werke auf diesen Seiten unterliegen dem franz\u00f6sischen und internationalen Urheberrecht und dem Gesetz zum Schutz des geistigen Eigentums. Alle Vervielf\u00e4ltigungsrechte sind vorbehalten, auch f\u00fcr herunterladbare Dokumente sowie ikonografische und fotografische Darstellungen. Die Vervielf\u00e4ltigung, Bearbeitung, Verbreitung und jede Art der Verwertung au\u00dferhalb der Grenzen des Urheberrechtes bed\u00fcrfen der schriftlichen Zustimmung des jeweiligen Autors bzw. Erstellers. Soweit die Inhalte auf dieser Seite nicht vom Betreiber erstellt wurden, werden die Urheberrechte Dritter beachtet. Insbesondere werden Inhalte Dritter als solche gekennzeichnet. Sollten Sie trotzdem auf eine Urheberrechtsverletzung aufmerksam werden, bitten wir um einen entsprechenden Hinweis. Bei Bekanntwerden von Rechtsverletzungen werden wir derartige Inhalte umgehend entfernen.<\/p>\n\n\n\n<hr class=\"wp-block-separator has-alpha-channel-opacity\"\/>\n\n\n\n<h2 class=\"wp-block-heading\">5. Datenschutz und Allgemeine Datenschutzbestimmungen (RGPD)<\/h2>\n\n\n\n<p>Personenbezogene Daten, die auf der Website erhoben werden, werden vertraulich behandelt. Sie werden ausschlie\u00dflich f\u00fcr die in unserer&nbsp;<strong>Datenschutzerkl\u00e4rung (Politique de Confidentialit\u00e9)<\/strong>&nbsp;vorgesehenen Zwecke verwendet. Gem\u00e4\u00df der&nbsp;<strong>Datenschutz-Grundverordnung (DSGVO\/RGPD)<\/strong>&nbsp;haben Sie das Recht auf Auskunft, Berichtigung, Daten\u00fcbertragbarkeit und L\u00f6schung Ihrer Daten. Sie k\u00f6nnen diese Rechte aus\u00fcben, indem Sie uns unter der oben genannten E-Mail-Adresse kontaktieren.<\/p>\n\n\n\n<p><strong>Wichtig:<\/strong>&nbsp;Ein Impressum ersetzt niemals eine separate, vollst\u00e4ndige&nbsp;<strong>Datenschutzerkl\u00e4rung (Datenschutzerkl\u00e4rung)<\/strong>. Die Datenschutzerkl\u00e4rung ist nach deutschem Recht und DSGVO ein&nbsp;<strong>zweites Dokument<\/strong>&nbsp;(ou une section sp\u00e9cifique du menu) tout aussi important, expliquant pr\u00e9cis\u00e9ment comment et pourquoi vous collectez, traitez et stockez les donn\u00e9es.<\/p>\n\n\n\n<hr class=\"wp-block-separator has-alpha-channel-opacity\"\/>\n\n\n\n<h2 class=\"wp-block-heading\">6. Hostinganbieter<\/h2>\n\n\n\n<p><strong>OVHcloud<\/strong><\/p>\n\n\n\n<ul class=\"wp-block-list\">\n<li><strong>Rechtsform:<\/strong>\u00a0OVH SAS<\/li>\n\n\n\n<li><strong>Stammkapital:<\/strong>\u00a010 174 560 \u20ac<\/li>\n\n\n\n<li><strong>SIREN-Nummer:<\/strong>\u00a0424 761 419<\/li>\n\n\n\n<li><strong>Sitz der Gesellschaft:<\/strong>\u00a02 rue Kellermann \u2013 59100 Roubaix \u2013 Frankreich<\/li>\n<\/ul>\n\n\n\n<hr class=\"wp-block-separator has-alpha-channel-opacity\"\/>\n\n\n\n<h2 class=\"wp-block-heading\">7. Verwendung von Cookies <\/h2>\n\n\n\n<p>Diese Website verwendet Cookies ausschlie\u00dflich zur Gew\u00e4hrleistung einer reibungsloseren Navigation.<\/p>\n\n\n\n<hr class=\"wp-block-separator has-alpha-channel-opacity\"\/>\n","protected":false},"excerpt":{"rendered":"<p>1. Warnhinweis und Jugendschutz Warnhinweis zum Alkoholkonsum&nbsp;Alkoholmissbrauch ist gesundheitsgef\u00e4hrdend und sollte in Ma\u00dfen konsumiert werden. Der Konsum alkoholischer Getr\u00e4nke w\u00e4hrend der Schwangerschaft, selbst in geringer Menge, kann schwerwiegende Folgen f\u00fcr die Gesundheit des Kindes haben. Jugendschutz&nbsp;Der Verkauf oder die Abgabe von alkoholischen Getr\u00e4nken an Minderj\u00e4hrige unter&nbsp;18 Jahren&nbsp;ist gesetzlich untersagt. 2. Hinweise zur EU-Streitschlichtung Die Europ\u00e4ische&hellip; <a class=\"more-link\" href=\"https:\/\/saintennemond.com\/index.php\/de\/impressum\/\">Poursuivre la lecture <span class=\"screen-reader-text\">Impressum<\/span><\/a><\/p>\n","protected":false},"author":1,"featured_media":0,"parent":0,"menu_order":0,"comment_status":"closed","ping_status":"closed","template":"","meta":{"footnotes":""},"class_list":["post-461","page","type-page","status-publish","hentry","entry"],"mb":[],"jetpack_sharing_enabled":true,"mfb_rest_fields":["title","jetpack_sharing_enabled","gutenberg_elementor_mode"],"_links":{"self":[{"href":"https:\/\/saintennemond.com\/index.php\/wp-json\/wp\/v2\/pages\/461","targetHints":{"allow":["GET"]}}],"collection":[{"href":"https:\/\/saintennemond.com\/index.php\/wp-json\/wp\/v2\/pages"}],"about":[{"href":"https:\/\/saintennemond.com\/index.php\/wp-json\/wp\/v2\/types\/page"}],"author":[{"embeddable":true,"href":"https:\/\/saintennemond.com\/index.php\/wp-json\/wp\/v2\/users\/1"}],"replies":[{"embeddable":true,"href":"https:\/\/saintennemond.com\/index.php\/wp-json\/wp\/v2\/comments?post=461"}],"version-history":[{"count":1,"href":"https:\/\/saintennemond.com\/index.php\/wp-json\/wp\/v2\/pages\/461\/revisions"}],"predecessor-version":[{"id":463,"href":"https:\/\/saintennemond.com\/index.php\/wp-json\/wp\/v2\/pages\/461\/revisions\/463"}],"wp:attachment":[{"href":"https:\/\/saintennemond.com\/index.php\/wp-json\/wp\/v2\/media?parent=461"}],"curies":[{"name":"wp","href":"https:\/\/api.w.org\/{rel}","templated":true}]}}